{"id":427,"date":"2019-03-14T11:34:19","date_gmt":"2019-03-14T10:34:19","guid":{"rendered":"http:\/\/www.mammaprint.cz\/uvod\/"},"modified":"2025-03-16T15:52:15","modified_gmt":"2025-03-16T14:52:15","slug":"uvod","status":"publish","type":"page","link":"https:\/\/www.mammaprint.cz\/sk\/","title":{"rendered":"\u00davod"},"content":{"rendered":"<p>[et_pb_section fb_built=&#8221;1&#8243; custom_padding_last_edited=&#8221;on|desktop&#8221; next_background_color=&#8221;#ffffff&#8221; admin_label=&#8221;Header&#8221; _builder_version=&#8221;4.27.4&#8243; background_color=&#8221;#f05da3&#8243; background_color_gradient_direction=&#8221;130deg&#8221; background_image=&#8221;https:\/\/www.mammaprint.cz\/wp-content\/uploads\/2019\/01\/fight_WD.jpg&#8221; background_blend=&#8221;darken&#8221; custom_padding=&#8221;4vw||6vw||false|false&#8221; custom_padding_tablet=&#8221;100px||100px||true&#8221; custom_padding_phone=&#8221;||||true&#8221; bottom_divider_style=&#8221;ramp2&#8243; bottom_divider_height=&#8221;125px&#8221; bottom_divider_height_tablet=&#8221;150px&#8221; bottom_divider_height_phone=&#8221;110px&#8221; bottom_divider_height_last_edited=&#8221;on|phone&#8221; animation_style=&#8221;flip&#8221; hover_enabled=&#8221;0&#8243; saved_tabs=&#8221;all&#8221; global_colors_info=&#8221;{}&#8221; sticky_enabled=&#8221;0&#8243;][et_pb_row _builder_version=&#8221;4.16&#8243; custom_padding=&#8221;82px|0px|27px|0px|false|false&#8221; global_colors_info=&#8221;{}&#8221;][et_pb_column type=&#8221;4_4&#8243; _builder_version=&#8221;4.16&#8243; custom_padding=&#8221;|||&#8221; global_colors_info=&#8221;{}&#8221; custom_padding__hover=&#8221;|||&#8221;][et_pb_text _builder_version=&#8221;4.27.4&#8243; text_font=&#8221;Roboto||||||||&#8221; text_font_size=&#8221;16px&#8221; text_line_height=&#8221;1.8em&#8221; header_font=&#8221;Roboto|700|||||||&#8221; header_text_align=&#8221;center&#8221; header_font_size=&#8221;80px&#8221; header_3_font=&#8221;|700||on|||||&#8221; header_3_text_align=&#8221;center&#8221; header_3_text_color=&#8221;#ffffff&#8221; header_3_font_size=&#8221;24px&#8221; header_3_letter_spacing=&#8221;10px&#8221; header_3_line_height=&#8221;1.2em&#8221; header_4_font_size=&#8221;29px&#8221; text_orientation=&#8221;center&#8221; background_layout=&#8221;dark&#8221; module_alignment=&#8221;center&#8221; text_font_size_last_edited=&#8221;off|desktop&#8221; header_font_size_tablet=&#8221;40px&#8221; header_font_size_phone=&#8221;32px&#8221; header_font_size_last_edited=&#8221;on|phone&#8221; header_3_font_size_tablet=&#8221;16px&#8221; header_3_font_size_phone=&#8221;14px&#8221; header_3_font_size_last_edited=&#8221;on|phone&#8221; header_3_letter_spacing_tablet=&#8221;0px&#8221; header_3_letter_spacing_phone=&#8221;&#8221; header_3_letter_spacing_last_edited=&#8221;on|tablet&#8221; global_colors_info=&#8221;{}&#8221;]<\/p>\n<h4><strong>Personaliz\u00e1cia lie\u010dby karcin\u00f3mu prsn\u00edka pacientom na mieru<\/strong><\/h4>\n<p>[\/et_pb_text][et_pb_text _builder_version=&#8221;4.27.4&#8243; text_font_size=&#8221;20px&#8221; text_line_height=&#8221;1.5em&#8221; header_font=&#8221;Roboto|700|||||||&#8221; header_text_align=&#8221;center&#8221; header_font_size=&#8221;80px&#8221; header_line_height=&#8221;1.2em&#8221; header_3_font=&#8221;Roboto|700||on|||||&#8221; header_3_text_align=&#8221;center&#8221; header_3_text_color=&#8221;#ffffff&#8221; header_3_font_size=&#8221;24px&#8221; header_3_letter_spacing=&#8221;10px&#8221; header_3_line_height=&#8221;2em&#8221; text_orientation=&#8221;center&#8221; background_layout=&#8221;dark&#8221; max_width=&#8221;990px&#8221; module_alignment=&#8221;center&#8221; text_font_size_last_edited=&#8221;off|desktop&#8221; header_font_size_tablet=&#8221;40px&#8221; header_font_size_phone=&#8221;32px&#8221; header_font_size_last_edited=&#8221;on|phone&#8221; header_3_font_size_tablet=&#8221;16px&#8221; header_3_font_size_phone=&#8221;14px&#8221; header_3_font_size_last_edited=&#8221;on|phone&#8221; header_3_letter_spacing_tablet=&#8221;5px&#8221; header_3_letter_spacing_phone=&#8221;&#8221; header_3_letter_spacing_last_edited=&#8221;on|tablet&#8221; global_colors_info=&#8221;{}&#8221;]<\/p>\n<p style=\"text-align: left;\">Ver\u00edme, \u017ee presn\u00e9 odpovede prin\u00e1\u0161aj\u00fa pokoj! Genomick\u00e9 testy MammaPrint a BluePrint prin\u00e1\u0161aj\u00fa presn\u00e9 odpovede, eliminuj\u00fa neistotu pri rozhodovan\u00ed o v\u00fdbere vhodnej lie\u010dby karcin\u00f3mu prsn\u00edka a prin\u00e1\u0161aj\u00fa tak pokoj pacientom aj lek\u00e1rom.<\/p>\n<p>[\/et_pb_text][\/et_pb_column][\/et_pb_row][\/et_pb_section][et_pb_section fb_built=&#8221;1&#8243; next_background_color=&#8221;#F2F2FA&#8221; _builder_version=&#8221;4.16&#8243; module_alignment=&#8221;center&#8221; custom_padding=&#8221;29px|0px|29px|0px|true|false&#8221; bottom_divider_style=&#8221;waves2&#8243; bottom_divider_height=&#8221;600px&#8221; bottom_divider_repeat=&#8221;0.6x&#8221; bottom_divider_height_tablet=&#8221;220px&#8221; bottom_divider_height_phone=&#8221;160px&#8221; bottom_divider_height_last_edited=&#8221;on|phone&#8221; locked=&#8221;off&#8221; global_colors_info=&#8221;{}&#8221;][et_pb_row _builder_version=&#8221;4.16&#8243; background_size=&#8221;initial&#8221; background_position=&#8221;top_left&#8221; background_repeat=&#8221;repeat&#8221; animation_style=&#8221;bounce&#8221; global_colors_info=&#8221;{}&#8221;][et_pb_column type=&#8221;4_4&#8243; _builder_version=&#8221;4.16&#8243; custom_padding=&#8221;|||&#8221; global_colors_info=&#8221;{}&#8221; custom_padding__hover=&#8221;|||&#8221;][et_pb_blurb title=&#8221;Dobr\u00e1 spr\u00e1va!&#8221; use_icon=&#8221;on&#8221; font_icon=&#8221;&#xf12a;||fa||900&#8243; icon_color=&#8221;#E09900&#8243; icon_placement=&#8221;left&#8221; image_icon_width=&#8221;170px&#8221; content_max_width=&#8221;1100px&#8221; image_icon_width_tablet=&#8221;30%&#8221; image_icon_width_phone=&#8221;30%&#8221; image_icon_width_last_edited=&#8221;on|phone&#8221; _builder_version=&#8221;4.27.4&#8243; header_level=&#8221;h3&#8243; header_font=&#8221;Roboto|700|||||||&#8221; header_font_size=&#8221;26&#8243; header_line_height=&#8221;1.7em&#8221; body_font_size=&#8221;16px&#8221; body_line_height=&#8221;1.6em&#8221; background_color=&#8221;#fcedcc&#8221; text_orientation=&#8221;center&#8221; module_alignment=&#8221;left&#8221; custom_margin=&#8221;||0px|&#8221; custom_padding=&#8221;30px|20px|40px|20px|false|true&#8221; custom_padding_last_edited=&#8221;off|desktop&#8221; animation_style=&#8221;fold&#8221; animation=&#8221;right&#8221; hover_enabled=&#8221;0&#8243; header_font_size_tablet=&#8221;&#8221; header_font_size_phone=&#8221;&#8221; header_font_size_last_edited=&#8221;on|desktop&#8221; body_font_size_tablet=&#8221;&#8221; body_font_size_phone=&#8221;14px&#8221; body_font_size_last_edited=&#8221;on|phone&#8221; border_radii=&#8221;|10px|10px|10px|10px&#8221; border_width_all=&#8221;6px&#8221; border_color_all=&#8221;#fdb71a&#8221; box_shadow_style=&#8221;preset3&#8243; box_shadow_color=&#8221;rgba(110,130,208,0.18)&#8221; image_max_width=&#8221;30%&#8221; icon_font_size_tablet=&#8221;&#8221; icon_font_size_phone=&#8221;32px&#8221; icon_font_size_last_edited=&#8221;on|phone&#8221; global_colors_info=&#8221;{}&#8221; sticky_enabled=&#8221;0&#8243;]<\/p>\n<p style=\"text-align: justify;\">Testovanie MammaPrint m\u00f4\u017ee by\u0165 <strong>hraden\u00e9 z verejn\u00e9ho zdravotn\u00edctva<\/strong>! V\u010faka cezhrani\u010dnej zdravotnej starostlivosti m\u00e1te mo\u017enos\u0165 z\u00edska\u0165 pr\u00edstup k tomuto inovat\u00edvnemu testu po splnen\u00ed jasne stanoven\u00fdch indika\u010dn\u00fdch krit\u00e9ri\u00ed.<\/p>\n<p style=\"text-align: justify;\"><strong>Chcete vedie\u0165 viac?\u00a0<\/strong>V pr\u00edpade potreby dopl\u0148uj\u00facich inform\u00e1ci\u00ed alebo asistencie, kontaktujte, pros\u00edm, Mgr. Stanislava Raj\u010danov\u00e1 (tel: +421 904 900 564, stanislava.rajcanova@leram-pharma.sk)<\/p>\n<p>[\/et_pb_blurb][et_pb_button button_url=&#8221;https:\/\/www.mammaprint.cz\/sk\/genomicke-testovanie\/&#8221; button_text=&#8221;Viac inform\u00e1ci\u00ed&#8221; button_alignment=&#8221;center&#8221; _builder_version=&#8221;4.16&#8243; custom_button=&#8221;on&#8221; button_bg_color=&#8221;#fdb71a&#8221; button_border_width=&#8221;0&#8243; button_border_radius=&#8221;5&#8243; background_layout=&#8221;dark&#8221; custom_margin=&#8221;-25px|||&#8221; global_colors_info=&#8221;{}&#8221;]&nbsp;<br \/>\n[\/et_pb_button][\/et_pb_column][\/et_pb_row][et_pb_row column_structure=&#8221;1_2,1_2&#8243; _builder_version=&#8221;4.16&#8243; background_size=&#8221;initial&#8221; background_position=&#8221;top_left&#8221; background_repeat=&#8221;repeat&#8221; animation_style=&#8221;bounce&#8221; global_colors_info=&#8221;{}&#8221;][et_pb_column type=&#8221;1_2&#8243; _builder_version=&#8221;4.16&#8243; custom_padding=&#8221;|||&#8221; global_colors_info=&#8221;{}&#8221; custom_padding__hover=&#8221;|||&#8221;][et_pb_blurb title=&#8221;Genomick\u00e9 testovanie&#8221; image=&#8221;https:\/\/www.mammaprint.cz\/wp-content\/uploads\/2019\/01\/agendia_logo_stacked_color_po.jpg&#8221; image_icon_width=&#8221;30%&#8221; content_max_width=&#8221;1100px&#8221; image_icon_width_tablet=&#8221;30%&#8221; image_icon_width_phone=&#8221;30%&#8221; image_icon_width_last_edited=&#8221;on|phone&#8221; _builder_version=&#8221;4.16&#8243; header_level=&#8221;h3&#8243; header_font=&#8221;Roboto|700|||||||&#8221; header_font_size=&#8221;26&#8243; header_line_height=&#8221;1.7em&#8221; body_font_size=&#8221;16px&#8221; body_line_height=&#8221;2em&#8221; background_color=&#8221;#ffffff&#8221; text_orientation=&#8221;center&#8221; module_alignment=&#8221;left&#8221; custom_margin=&#8221;||0px|&#8221; custom_padding=&#8221;30px|20px|40px|20px|false|true&#8221; custom_padding_last_edited=&#8221;off|desktop&#8221; animation=&#8221;off&#8221; header_font_size_tablet=&#8221;&#8221; header_font_size_phone=&#8221;&#8221; header_font_size_last_edited=&#8221;on|desktop&#8221; body_font_size_tablet=&#8221;&#8221; body_font_size_phone=&#8221;14px&#8221; body_font_size_last_edited=&#8221;on|phone&#8221; border_radii=&#8221;|10px|10px|10px|10px&#8221; border_width_all=&#8221;6px&#8221; border_color_all=&#8221;#fdb71a&#8221; box_shadow_style=&#8221;preset1&#8243; box_shadow_blur=&#8221;70px&#8221; box_shadow_color=&#8221;rgba(110,130,208,0.18)&#8221; image_max_width=&#8221;30%&#8221; icon_font_size_tablet=&#8221;&#8221; icon_font_size_phone=&#8221;32px&#8221; icon_font_size_last_edited=&#8221;on|phone&#8221; global_colors_info=&#8221;{}&#8221;]Genomick\u00e9 testovanie poskytuje viac inform\u00e1ci\u00ed o ochoren\u00ed.<br \/>\n[\/et_pb_blurb][et_pb_button button_url=&#8221;https:\/\/www.mammaprint.cz\/sk\/genomicke-testovanie\/&#8221; button_text=&#8221;Viac inform\u00e1ci\u00ed&#8221; button_alignment=&#8221;center&#8221; _builder_version=&#8221;4.16&#8243; custom_button=&#8221;on&#8221; button_bg_color=&#8221;#fdb71a&#8221; button_border_width=&#8221;0&#8243; button_border_radius=&#8221;5&#8243; background_layout=&#8221;dark&#8221; custom_margin=&#8221;-25px|||&#8221; global_colors_info=&#8221;{}&#8221;]&nbsp;<br \/>\n[\/et_pb_button][\/et_pb_column][et_pb_column type=&#8221;1_2&#8243; _builder_version=&#8221;4.16&#8243; custom_padding=&#8221;|||&#8221; global_colors_info=&#8221;{}&#8221; custom_padding__hover=&#8221;|||&#8221;][et_pb_blurb title=&#8221;MammaPrint&#8221; image=&#8221;https:\/\/www.mammaprint.cz\/wp-content\/uploads\/2019\/01\/Agendia_MammaPrint_Logo.jpg&#8221; image_icon_width=&#8221;35%&#8221; content_max_width=&#8221;1100px&#8221; image_icon_width_tablet=&#8221;35%&#8221; image_icon_width_phone=&#8221;35%&#8221; image_icon_width_last_edited=&#8221;on|phone&#8221; _builder_version=&#8221;4.16&#8243; header_level=&#8221;h3&#8243; header_font=&#8221;Roboto|700|||||||&#8221; header_text_align=&#8221;center&#8221; header_line_height=&#8221;1.7em&#8221; body_text_align=&#8221;left&#8221; body_font_size=&#8221;16px&#8221; body_line_height=&#8221;1.5em&#8221; background_color=&#8221;#ffffff&#8221; text_orientation=&#8221;center&#8221; module_alignment=&#8221;left&#8221; custom_margin=&#8221;||0px|&#8221; custom_padding=&#8221;30px|20px|40px|20px|false|true&#8221; custom_padding_last_edited=&#8221;off|desktop&#8221; animation=&#8221;off&#8221; header_font_size_tablet=&#8221;&#8221; header_font_size_phone=&#8221;26&#8243; header_font_size_last_edited=&#8221;on|phone&#8221; body_font_size_tablet=&#8221;&#8221; body_font_size_phone=&#8221;14px&#8221; body_font_size_last_edited=&#8221;on|phone&#8221; border_radii=&#8221;|10px|10px|10px|10px&#8221; border_width_all=&#8221;6px&#8221; border_color_all=&#8221;#f75150&#8243; box_shadow_style=&#8221;preset1&#8243; box_shadow_blur=&#8221;70px&#8221; box_shadow_color=&#8221;rgba(110,130,208,0.18)&#8221; image_max_width=&#8221;35%&#8221; icon_font_size_tablet=&#8221;&#8221; icon_font_size_phone=&#8221;32px&#8221; icon_font_size_last_edited=&#8221;on|phone&#8221; global_colors_info=&#8221;{}&#8221;]Genomick\u00fd test, ktor\u00fd pom\u00e1ha pacientom a lek\u00e1rom robi\u0165 jednozna\u010dn\u00e9 rozhodnutia t\u00fdkaj\u00face sa lie\u010dby.<br \/>\n[\/et_pb_blurb][et_pb_button button_url=&#8221;https:\/\/www.mammaprint.cz\/sk\/mammaprint\/&#8221; button_text=&#8221;Viac inform\u00e1ci\u00ed&#8221; button_alignment=&#8221;center&#8221; _builder_version=&#8221;4.16&#8243; custom_button=&#8221;on&#8221; button_bg_color=&#8221;#f75150&#8243; button_border_width=&#8221;0&#8243; button_border_radius=&#8221;5&#8243; background_layout=&#8221;dark&#8221; custom_margin=&#8221;-25px|||&#8221; global_colors_info=&#8221;{}&#8221;]&nbsp;<br \/>\n[\/et_pb_button][\/et_pb_column][\/et_pb_row][et_pb_row column_structure=&#8221;1_2,1_2&#8243; _builder_version=&#8221;4.16&#8243; background_size=&#8221;initial&#8221; background_position=&#8221;top_left&#8221; background_repeat=&#8221;repeat&#8221; animation_style=&#8221;bounce&#8221; global_colors_info=&#8221;{}&#8221;][et_pb_column type=&#8221;1_2&#8243; _builder_version=&#8221;4.16&#8243; custom_padding=&#8221;|||&#8221; global_colors_info=&#8221;{}&#8221; custom_padding__hover=&#8221;|||&#8221;][et_pb_blurb title=&#8221;BluePrint&#8221; image=&#8221;https:\/\/www.mammaprint.cz\/wp-content\/uploads\/2019\/01\/Agendia_BluePrint_Logo-1.jpg&#8221; image_icon_width=&#8221;35%&#8221; content_max_width=&#8221;1100px&#8221; image_icon_width_tablet=&#8221;35%&#8221; image_icon_width_phone=&#8221;35%&#8221; image_icon_width_last_edited=&#8221;on|phone&#8221; _builder_version=&#8221;4.16&#8243; header_level=&#8221;h3&#8243; header_font=&#8221;Roboto|700|||||||&#8221; header_line_height=&#8221;1.7em&#8221; body_font_size=&#8221;16px&#8221; body_line_height=&#8221;2em&#8221; background_color=&#8221;#ffffff&#8221; text_orientation=&#8221;center&#8221; module_alignment=&#8221;left&#8221; custom_margin=&#8221;||0px|&#8221; custom_padding=&#8221;30px|20px|40px|20px|false|true&#8221; custom_padding_last_edited=&#8221;off|desktop&#8221; animation=&#8221;off&#8221; header_font_size_tablet=&#8221;&#8221; header_font_size_phone=&#8221;26&#8243; header_font_size_last_edited=&#8221;on|phone&#8221; body_font_size_tablet=&#8221;&#8221; body_font_size_phone=&#8221;14px&#8221; body_font_size_last_edited=&#8221;on|phone&#8221; border_radii=&#8221;|10px|10px|10px|10px&#8221; border_width_all=&#8221;6px&#8221; border_color_all=&#8221;#05a6cf&#8221; box_shadow_style=&#8221;preset1&#8243; box_shadow_blur=&#8221;70px&#8221; box_shadow_color=&#8221;rgba(110,130,208,0.18)&#8221; image_max_width=&#8221;35%&#8221; icon_font_size_tablet=&#8221;&#8221; icon_font_size_phone=&#8221;32px&#8221; icon_font_size_last_edited=&#8221;on|phone&#8221; global_colors_info=&#8221;{}&#8221;]Genomick\u00fd test, ktor\u00fd vie predv\u00edda\u0165 pravdepodobn\u00e9 spr\u00e1vanie sa n\u00e1doru.<br \/>\n[\/et_pb_blurb][et_pb_button button_url=&#8221;https:\/\/www.mammaprint.cz\/sk\/blueprint\/&#8221; button_text=&#8221;Viac inform\u00e1ci\u00ed&#8221; button_alignment=&#8221;center&#8221; _builder_version=&#8221;4.16&#8243; custom_button=&#8221;on&#8221; button_bg_color=&#8221;#05a6cf&#8221; button_border_width=&#8221;0&#8243; button_border_radius=&#8221;5&#8243; background_layout=&#8221;dark&#8221; custom_margin=&#8221;-25px|||&#8221; global_colors_info=&#8221;{}&#8221;]&nbsp;<br \/>\n[\/et_pb_button][\/et_pb_column][et_pb_column type=&#8221;1_2&#8243; _builder_version=&#8221;4.16&#8243; custom_padding=&#8221;|||&#8221; global_colors_info=&#8221;{}&#8221; custom_padding__hover=&#8221;|||&#8221;][et_pb_blurb title=&#8221;Klinick\u00e9 \u0161t\u00fadie a Guideliny&#8221; image=&#8221;https:\/\/www.mammaprint.cz\/wp-content\/uploads\/2019\/01\/dna.png&#8221; image_icon_width=&#8221;35%&#8221; content_max_width=&#8221;1100px&#8221; image_icon_width_tablet=&#8221;35%&#8221; image_icon_width_phone=&#8221;35%&#8221; image_icon_width_last_edited=&#8221;on|phone&#8221; _builder_version=&#8221;4.16&#8243; header_level=&#8221;h3&#8243; header_font=&#8221;Roboto|700|||||||&#8221; header_text_align=&#8221;center&#8221; header_line_height=&#8221;1.7em&#8221; body_text_align=&#8221;left&#8221; body_font_size=&#8221;16px&#8221; body_line_height=&#8221;1.5em&#8221; background_color=&#8221;#ffffff&#8221; text_orientation=&#8221;center&#8221; module_alignment=&#8221;left&#8221; custom_margin=&#8221;||0px|&#8221; custom_padding=&#8221;30px|20px|40px|20px|false|true&#8221; custom_padding_last_edited=&#8221;off|desktop&#8221; animation=&#8221;off&#8221; header_font_size_tablet=&#8221;&#8221; header_font_size_phone=&#8221;26&#8243; header_font_size_last_edited=&#8221;on|phone&#8221; body_font_size_tablet=&#8221;&#8221; body_font_size_phone=&#8221;14px&#8221; body_font_size_last_edited=&#8221;on|phone&#8221; border_radii=&#8221;|10px|10px|10px|10px&#8221; border_width_all=&#8221;6px&#8221; border_color_all=&#8221;#69c7b8&#8243; box_shadow_style=&#8221;preset1&#8243; box_shadow_blur=&#8221;70px&#8221; box_shadow_color=&#8221;rgba(110,130,208,0.18)&#8221; image_max_width=&#8221;35%&#8221; icon_font_size_tablet=&#8221;&#8221; icon_font_size_phone=&#8221;32px&#8221; icon_font_size_last_edited=&#8221;on|phone&#8221; global_colors_info=&#8221;{}&#8221;]Testy podporuj\u00fa klinick\u00e9 d\u00f4kazy najvy\u0161\u0161ej mo\u017enej kvality a do svojich doporu\u010den\u00fdch postupov zara\u010fuj\u00fa svetovo uzn\u00e1van\u00e9 onkologick\u00e9 spolo\u010dnosti a autority.<br \/>\n[\/et_pb_blurb][et_pb_button button_url=&#8221;https:\/\/www.mammaprint.cz\/sk\/klinicke-studie-a-guideliny\/&#8221; button_text=&#8221;Viac inform\u00e1ci\u00ed&#8221; button_alignment=&#8221;center&#8221; _builder_version=&#8221;4.16&#8243; custom_button=&#8221;on&#8221; button_bg_color=&#8221;#69c7b8&#8243; button_border_width=&#8221;0&#8243; button_border_radius=&#8221;5&#8243; background_layout=&#8221;dark&#8221; custom_margin=&#8221;-25px|||&#8221; global_colors_info=&#8221;{}&#8221;]&nbsp;<br \/>\n[\/et_pb_button][\/et_pb_column][\/et_pb_row][\/et_pb_section][et_pb_section fb_built=&#8221;1&#8243; custom_padding_last_edited=&#8221;on|tablet&#8221; admin_label=&#8221; Market Research&#8221; _builder_version=&#8221;4.16&#8243; background_color=&#8221;#F2F2FA&#8221; custom_margin_tablet=&#8221;&#8221; custom_margin_phone=&#8221;&#8221; custom_margin_last_edited=&#8221;on|phone&#8221; custom_padding=&#8221;30px||30px||true|false&#8221; custom_padding_tablet=&#8221;&#8221; custom_padding_phone=&#8221;0px|||&#8221; saved_tabs=&#8221;all&#8221; global_colors_info=&#8221;{}&#8221;][et_pb_row _builder_version=&#8221;4.16&#8243; custom_padding=&#8221;|||&#8221; locked=&#8221;off&#8221; global_colors_info=&#8221;{}&#8221;][et_pb_column type=&#8221;4_4&#8243; _builder_version=&#8221;4.16&#8243; custom_padding=&#8221;|||&#8221; global_colors_info=&#8221;{}&#8221; custom_padding__hover=&#8221;|||&#8221;][et_pb_text _builder_version=&#8221;4.16&#8243; text_font_size=&#8221;16px&#8221; text_line_height=&#8221;2em&#8221; header_2_font=&#8221;Roboto|700|||||||&#8221; header_2_font_size=&#8221;45px&#8221; header_2_line_height=&#8221;1.2em&#8221; max_width=&#8221;970px&#8221; max_width_last_edited=&#8221;off|desktop&#8221; module_alignment=&#8221;center&#8221; custom_margin=&#8221;|||&#8221; custom_padding=&#8221;|||&#8221; header_2_font_size_tablet=&#8221;35px&#8221; header_2_font_size_phone=&#8221;28px&#8221; header_2_font_size_last_edited=&#8221;on|phone&#8221; global_colors_info=&#8221;{}&#8221;]<\/p>\n<blockquote><p><strong><em><b><i>Ver\u00edme, \u017ee presn\u00e9 odpovede prin\u00e1\u0161aj\u00fa pokoj! Genomick\u00e9 testy MAmmaPrint a BluePrint prin\u00e1\u0161aj\u00fa presn\u00e9 odpovede, eliminuj\u00fa neistotu pri rozhodovan\u00ed o v\u00fdbere vhodnej lie\u010dby karcin\u00f3mu prsn\u00edka a prin\u00e1\u0161aj\u00fa pokoj pacientom aj lek\u00e1rom. <\/i><\/b><\/em><\/strong><\/p><\/blockquote>\n<p>Testy analyzuj\u00fa aktivitu g\u00e9nov n\u00e1doru, hodnotia tak riziko n\u00e1vratu karcin\u00f3mu a ur\u010duj\u00fa podtyp n\u00e1doru. V\u010faka tejto vedomosti maj\u00fa pacienti a ich lek\u00e1ri d\u00f4le\u017eit\u00fa inform\u00e1ciu, v\u010faka ktorej m\u00f4\u017eu zodpoveda\u0165 na t\u00fa najzlo\u017eitej\u0161iu ot\u00e1zku:<\/p>\n<blockquote><p><strong><em><b><i>Je pravdepodobn\u00e9, \u017ee sa rakovina vr\u00e1ti? Je v tomto pr\u00edpade chemoterapia prospe\u0161n\u00e1? Alebo je mo\u017en\u00e9 obmedzi\u0165 rozsah lie\u010dby bez toho, aby sa zv\u00fd\u0161ilo riziko neskor\u0161ej rekurencie (n\u00e1vratu ochorenia)?<\/i><\/b><\/em><\/strong><\/p><\/blockquote>\n<p><em><i>\u0160t\u00fadia MINDACT preuk\u00e1zala, \u017ee 46% pacientiek, u ktor\u00fdch bolo na z\u00e1klade klinick\u00fdch a patologick\u00fdch faktorov identifikovan\u00e9 vysok\u00e9 riziko vzdialenej rekurencie, MammaPrint preklasifikoval ako genomicky n\u00edzkorizikov\u00e9. T\u00fdmto pacientkam nepriniesla chemoterapia v\u00fdznamnej\u0161\u00ed benefit.<\/i><\/em><br \/>\n[\/et_pb_text][\/et_pb_column][\/et_pb_row][\/et_pb_section][et_pb_section fb_built=&#8221;1&#8243; custom_padding_last_edited=&#8221;on|desktop&#8221; prev_background_color=&#8221;#F2F2FA&#8221; admin_label=&#8221;Call to action&#8221; _builder_version=&#8221;4.16&#8243; background_color=&#8221;rgba(0,0,0,0.35)&#8221; background_color_gradient_direction=&#8221;130deg&#8221; background_image=&#8221;https:\/\/www.mammaprint.cz\/wp-content\/uploads\/2019\/01\/bg.jpg&#8221; background_blend=&#8221;darken&#8221; custom_padding=&#8221;10vw||7vw||false|false&#8221; custom_padding_tablet=&#8221;100px||100px||true&#8221; custom_padding_phone=&#8221;||||true&#8221; top_divider_style=&#8221;ramp2&#8243; top_divider_height=&#8221;143px&#8221; top_divider_flip=&#8221;vertical|horizontal&#8221; top_divider_height_tablet=&#8221;150px&#8221; top_divider_height_phone=&#8221;110px&#8221; top_divider_height_last_edited=&#8221;on|phone&#8221; saved_tabs=&#8221;all&#8221; global_colors_info=&#8221;{}&#8221; background__hover_enabled=&#8221;on&#8221;][et_pb_row module_class=&#8221; et_pb_row_fullwidth&#8221; _builder_version=&#8221;4.16&#8243; width=&#8221;89%&#8221; width_tablet=&#8221;80%&#8221; width_phone=&#8221;80%&#8221; width_last_edited=&#8221;on|desktop&#8221; max_width=&#8221;89%&#8221; max_width_tablet=&#8221;80%&#8221; max_width_phone=&#8221;80%&#8221; max_width_last_edited=&#8221;on|desktop&#8221; custom_margin_phone=&#8221;|||&#8221; custom_margin_last_edited=&#8221;off|desktop&#8221; custom_padding=&#8221;|||&#8221; make_fullwidth=&#8221;on&#8221; global_colors_info=&#8221;{}&#8221;][et_pb_column type=&#8221;4_4&#8243; _builder_version=&#8221;4.16&#8243; custom_padding=&#8221;|||&#8221; global_colors_info=&#8221;{}&#8221; custom_padding__hover=&#8221;|||&#8221;][et_pb_text _builder_version=&#8221;4.16&#8243; header_font=&#8221;||||||||&#8221; header_text_color=&#8221;#0c71c3&#8243; header_2_font=&#8221;Roboto|700|||||||&#8221; header_2_text_color=&#8221;#ffffff&#8221; header_2_font_size=&#8221;50px&#8221; header_2_line_height=&#8221;1.4em&#8221; header_3_font=&#8221;Roboto|700||on|||||&#8221; header_3_text_align=&#8221;center&#8221; header_3_text_color=&#8221;#ffffff&#8221; header_3_font_size=&#8221;24px&#8221; header_3_letter_spacing=&#8221;5px&#8221; header_3_line_height=&#8221;2em&#8221; text_orientation=&#8221;center&#8221; background_layout=&#8221;dark&#8221; max_width=&#8221;850px&#8221; module_alignment=&#8221;center&#8221; custom_margin=&#8221;|||&#8221; custom_padding=&#8221;|||&#8221; text_font_size_last_edited=&#8221;off|desktop&#8221; header_2_font_size_tablet=&#8221;40px&#8221; header_2_font_size_phone=&#8221;32px&#8221; header_2_font_size_last_edited=&#8221;on|desktop&#8221; header_3_font_size_tablet=&#8221;16px&#8221; header_3_font_size_phone=&#8221;14px&#8221; header_3_font_size_last_edited=&#8221;on|phone&#8221; header_2_text_shadow_style=&#8221;preset3&#8243; global_colors_info=&#8221;{}&#8221;]<\/p>\n<h2>Ver\u00edme, \u017ee presn\u00e9 odpovede prin\u00e1\u0161aj\u00fa pokoj!<\/h2>\n<p>[\/et_pb_text][\/et_pb_column][\/et_pb_row][\/et_pb_section]<\/p>\n","protected":false},"excerpt":{"rendered":"<p>Personaliz\u00e1cia lie\u010dby karcin\u00f3mu prsn\u00edka pacientom na mieruVer\u00edme, \u017ee presn\u00e9 odpovede prin\u00e1\u0161aj\u00fa pokoj! Genomick\u00e9 testy MammaPrint a BluePrint prin\u00e1\u0161aj\u00fa presn\u00e9 odpovede, eliminuj\u00fa neistotu pri rozhodovan\u00ed o v\u00fdbere vhodnej lie\u010dby karcin\u00f3mu prsn\u00edka a prin\u00e1\u0161aj\u00fa tak pokoj pacientom aj lek\u00e1rom.Testovanie MammaPrint m\u00f4\u017ee by\u0165 hraden\u00e9 z verejn\u00e9ho zdravotn\u00edctva! V\u010faka cezhrani\u010dnej zdravotnej starostlivosti m\u00e1te mo\u017enos\u0165 z\u00edska\u0165 pr\u00edstup k tomuto inovat\u00edvnemu [&hellip;]<\/p>\n","protected":false},"author":1,"featured_media":0,"parent":0,"menu_order":0,"comment_status":"closed","ping_status":"closed","template":"","meta":{"_et_pb_use_builder":"on","_et_pb_old_content":"","_et_gb_content_width":"","om_disable_all_campaigns":false,"_monsterinsights_skip_tracking":false,"_monsterinsights_sitenote_active":false,"_monsterinsights_sitenote_note":"","_monsterinsights_sitenote_category":0,"footnotes":""},"class_list":["post-427","page","type-page","status-publish","hentry"],"aioseo_notices":[],"_links":{"self":[{"href":"https:\/\/www.mammaprint.cz\/sk\/wp-json\/wp\/v2\/pages\/427","targetHints":{"allow":["GET"]}}],"collection":[{"href":"https:\/\/www.mammaprint.cz\/sk\/wp-json\/wp\/v2\/pages"}],"about":[{"href":"https:\/\/www.mammaprint.cz\/sk\/wp-json\/wp\/v2\/types\/page"}],"author":[{"embeddable":true,"href":"https:\/\/www.mammaprint.cz\/sk\/wp-json\/wp\/v2\/users\/1"}],"replies":[{"embeddable":true,"href":"https:\/\/www.mammaprint.cz\/sk\/wp-json\/wp\/v2\/comments?post=427"}],"version-history":[{"count":15,"href":"https:\/\/www.mammaprint.cz\/sk\/wp-json\/wp\/v2\/pages\/427\/revisions"}],"predecessor-version":[{"id":2592,"href":"https:\/\/www.mammaprint.cz\/sk\/wp-json\/wp\/v2\/pages\/427\/revisions\/2592"}],"wp:attachment":[{"href":"https:\/\/www.mammaprint.cz\/sk\/wp-json\/wp\/v2\/media?parent=427"}],"curies":[{"name":"wp","href":"https:\/\/api.w.org\/{rel}","templated":true}]}}