{"id":439,"date":"2019-03-14T11:52:04","date_gmt":"2019-03-14T10:52:04","guid":{"rendered":"http:\/\/www.mammaprint.cz\/mammaprint\/"},"modified":"2019-03-14T12:20:42","modified_gmt":"2019-03-14T11:20:42","slug":"mammaprint","status":"publish","type":"page","link":"https:\/\/www.mammaprint.cz\/sk\/mammaprint\/","title":{"rendered":"MammaPrint"},"content":{"rendered":"<p>[et_pb_section fb_built=&#8221;1&#8243; _builder_version=&#8221;3.0.47&#8243;][et_pb_row _builder_version=&#8221;3.0.48&#8243; background_size=&#8221;initial&#8221; background_position=&#8221;top_left&#8221; background_repeat=&#8221;repeat&#8221;][et_pb_column type=&#8221;1_3&#8243; _builder_version=&#8221;3.0.47&#8243; parallax=&#8221;off&#8221; parallax_method=&#8221;on&#8221;][et_pb_image src=&#8221;http:\/\/www.mammaprint.cz\/wp-content\/uploads\/2019\/01\/Agendia_MammaPrint_Logo.jpg&#8221; align=&#8221;center&#8221; _builder_version=&#8221;3.19.4&#8243; max_width=&#8221;60%&#8221; module_alignment=&#8221;center&#8221;]<br \/>\n[\/et_pb_image][\/et_pb_column][et_pb_column type=&#8221;2_3&#8243; _builder_version=&#8221;3.0.47&#8243; parallax=&#8221;off&#8221; parallax_method=&#8221;on&#8221;][et_pb_text _builder_version=&#8221;3.19.4&#8243; text_font_size=&#8221;16px&#8221; text_line_height=&#8221;1.8em&#8221;]<\/p>\n<h2><span style=\"font-size: xx-large;\"><strong>\u010co je MammaPrint?<\/strong><\/span><\/h2>\n<p>MammaPrint je genomick\u00fd test, ktor\u00fd analyzuje 70 najd\u00f4le\u017eitej\u0161\u00edch g\u00e9nov spojen\u00fdch s rekurenciou (n\u00e1vratom) karcin\u00f3mu prsn\u00edka a klasifikuje pacientky do skupiny s \u201en\u00edzkym rizikom\u201c a \u201evysok\u00fdm rizikom! Vzniku metast\u00e1z v priebehu prv\u00fdch 10 rokoch po stanoven\u00ed diagn\u00f3zy a to bez nejednozna\u010dn\u00e9ho v\u00fdsledku v podobe \u201estredn\u00e9ho! Sk\u00f3re, ako je to pri in\u00fdch testoch.<\/p>\n<p>[\/et_pb_text][\/et_pb_column][\/et_pb_row][\/et_pb_section][et_pb_section fb_built=&#8221;1&#8243; _builder_version=&#8221;3.19.4&#8243; use_background_color_gradient=&#8221;on&#8221; background_color_gradient_start=&#8221;#f05da3&#8243; background_color_gradient_end=&#8221;#db835d&#8221; background_color_gradient_direction=&#8221;91deg&#8221; custom_padding=&#8221;0|0px|0|0px|false|false&#8221; top_divider_height=&#8221;24px&#8221; bottom_divider_height=&#8221;24px&#8221;][et_pb_row custom_padding=&#8221;0|0px|0|0px|false|false&#8221; make_equal=&#8221;on&#8221; _builder_version=&#8221;3.19.4&#8243; background_size=&#8221;initial&#8221; background_position=&#8221;top_left&#8221; background_repeat=&#8221;repeat&#8221; animation_style=&#8221;fold&#8221;][et_pb_column type=&#8221;1_2&#8243; _builder_version=&#8221;3.0.47&#8243; parallax=&#8221;off&#8221; parallax_method=&#8221;on&#8221;][et_pb_number_counter number=&#8221;46&#8243; _builder_version=&#8221;3.19.4&#8243; number_font=&#8221;|700|||||||&#8221; number_text_color=&#8221;#ffffff&#8221; background_layout=&#8221;dark&#8221; custom_margin=&#8221;20px|||&#8221;]<br \/>\n[\/et_pb_number_counter][et_pb_text _builder_version=&#8221;3.19.4&#8243; text_text_color=&#8221;#ffffff&#8221; header_line_height=&#8221;1.2em&#8221; header_3_line_height=&#8221;1.2em&#8221; header_4_text_color=&#8221;#f75150&#8243; custom_margin=&#8221;-10px|||&#8221;]<\/p>\n<h3><span style=\"color: #ffffff;\"><strong>Jednozna\u010dnos\u0165 testu MammaPrint pom\u00e1ha pacientom a lek\u00e1rom robi\u0165 jednozna\u010dn\u00e9 rozhodnutia t\u00fdkaj\u00face sa ich lie\u010dby.<\/strong><\/span><\/h3>\n<p>\u0160t\u00fadia MINDACT preuk\u00e1zala, \u017ee 46% pacientiek, u ktor\u00fdch bolo na z\u00e1klade klinick\u00fdch a patologick\u00fdch faktorov identifikovan\u00e9 vysok\u00e9 riziko vzdialenej rekurencie, MammaPrint preklasifikoval ako genomicky n\u00edzkorizikov\u00e9. T\u00fdmto pacientkam nepriniesla chemoterapia v\u00fdznamnej\u0161\u00ed benefit.<\/p>\n<p style=\"text-align: right;\"><strong><span style=\"color: #ccffff;\"><em><a style=\"color: #ccffff;\" href=\"https:\/\/www.mammaprint.cz\/sk\/klinicke-studie-a-guideliny\/\">Viac o \u0161t\u00fadii MINDACT<\/a><\/em><\/span><\/strong><\/p>\n<p>[\/et_pb_text][\/et_pb_column][et_pb_column type=&#8221;1_2&#8243; _builder_version=&#8221;3.0.47&#8243; parallax=&#8221;off&#8221; parallax_method=&#8221;on&#8221;][et_pb_image src=&#8221;http:\/\/www.mammaprint.cz\/wp-content\/uploads\/2019\/01\/women.jpg&#8221; force_fullwidth=&#8221;on&#8221; _builder_version=&#8221;3.19.4&#8243;]<br \/>\n[\/et_pb_image][\/et_pb_column][\/et_pb_row][\/et_pb_section][et_pb_section fb_built=&#8221;1&#8243; _builder_version=&#8221;3.0.47&#8243; custom_padding=&#8221;50px|0px|50px|0px|false|false&#8221;][et_pb_row _builder_version=&#8221;3.0.48&#8243; background_size=&#8221;initial&#8221; background_position=&#8221;top_left&#8221; background_repeat=&#8221;repeat&#8221;][et_pb_column type=&#8221;4_4&#8243; _builder_version=&#8221;3.0.47&#8243; parallax=&#8221;off&#8221; parallax_method=&#8221;on&#8221;][et_pb_text _builder_version=&#8221;3.19.4&#8243;]<\/p>\n<h3 style=\"text-align: center;\"><strong>MammaPrint\u00ae &#8230;<\/strong><\/h3>\n<p>[\/et_pb_text][\/et_pb_column][\/et_pb_row][et_pb_row _builder_version=&#8221;3.0.48&#8243; background_size=&#8221;initial&#8221; background_position=&#8221;top_left&#8221; background_repeat=&#8221;repeat&#8221;][et_pb_column type=&#8221;1_3&#8243; _builder_version=&#8221;3.0.47&#8243; parallax=&#8221;off&#8221; parallax_method=&#8221;on&#8221;][et_pb_blurb use_icon=&#8221;on&#8221; font_icon=&#8221;%%202%%&#8221; icon_color=&#8221;#f05da3&#8243; icon_placement=&#8221;left&#8221; _builder_version=&#8221;3.19.4&#8243;]<strong>&#8230; podporuj\u00fa klinick\u00e9 d\u00f4kazy najvy\u0161\u0161ej mo\u017enej kvality (\u00farove\u0148 1A).<\/strong><br \/>\n[\/et_pb_blurb][\/et_pb_column][et_pb_column type=&#8221;1_3&#8243; _builder_version=&#8221;3.0.47&#8243; parallax=&#8221;off&#8221; parallax_method=&#8221;on&#8221;][et_pb_blurb use_icon=&#8221;on&#8221; font_icon=&#8221;%%202%%&#8221; icon_color=&#8221;#f05da3&#8243; icon_placement=&#8221;left&#8221; _builder_version=&#8221;3.19.4&#8243;]<\/p>\n<p><strong>&#8230; je schv\u00e1len\u00fd FDA pre pou\u017eitie u \u017eien v\u0161etk\u00fdch vekov\u00fdch kateg\u00f3ri\u00ed.<\/strong><\/p>\n<p>[\/et_pb_blurb][\/et_pb_column][et_pb_column type=&#8221;1_3&#8243; _builder_version=&#8221;3.0.47&#8243; parallax=&#8221;off&#8221; parallax_method=&#8221;on&#8221;][et_pb_blurb use_icon=&#8221;on&#8221; font_icon=&#8221;%%202%%&#8221; icon_color=&#8221;#f05da3&#8243; icon_placement=&#8221;left&#8221; _builder_version=&#8221;3.19.4&#8243;]<strong>&#8230; je v Eur\u00f3pskej \u00fanii produktom s CE zna\u010dkou.<\/strong><br \/>\n[\/et_pb_blurb][\/et_pb_column][\/et_pb_row][et_pb_row custom_padding=&#8221;27px|0px|20px|0px|false|false&#8221; _builder_version=&#8221;3.0.48&#8243; background_size=&#8221;initial&#8221; background_position=&#8221;top_left&#8221; background_repeat=&#8221;repeat&#8221;][et_pb_column type=&#8221;1_3&#8243; _builder_version=&#8221;3.0.47&#8243; parallax=&#8221;off&#8221; parallax_method=&#8221;on&#8221;][et_pb_blurb use_icon=&#8221;on&#8221; font_icon=&#8221;%%202%%&#8221; icon_color=&#8221;#f05da3&#8243; icon_placement=&#8221;left&#8221; _builder_version=&#8221;3.19.4&#8243;]<\/p>\n<p><strong>&#8230; je validovan\u00fd presk\u00faman\u00fdmi d\u00e1tami a podporen\u00fd klinick\u00fdmi d\u00f4kazmi najvy\u0161\u0161ej \u00farovne z prelomovej, randomizovanej \u0161t\u00fadie.<\/strong><\/p>\n<p>[\/et_pb_blurb][\/et_pb_column][et_pb_column type=&#8221;1_3&#8243; _builder_version=&#8221;3.0.47&#8243; parallax=&#8221;off&#8221; parallax_method=&#8221;on&#8221;][et_pb_blurb use_icon=&#8221;on&#8221; font_icon=&#8221;%%202%%&#8221; icon_color=&#8221;#f05da3&#8243; icon_placement=&#8221;left&#8221; _builder_version=&#8221;3.19.4&#8243;]<\/p>\n<p><strong>&#8230; je odpor\u00fa\u010dan\u00fd medzin\u00e1rodn\u00fdmi Guidelines pre lie\u010dbu pacientiek s karcin\u00f3mom prsn\u00edka v po\u010diato\u010dnom \u0161t\u00e1diu.\u00a0<\/strong><\/p>\n<p>[\/et_pb_blurb][\/et_pb_column][et_pb_column type=&#8221;1_3&#8243; _builder_version=&#8221;3.0.47&#8243; parallax=&#8221;off&#8221; parallax_method=&#8221;on&#8221;][et_pb_blurb use_icon=&#8221;on&#8221; font_icon=&#8221;%%202%%&#8221; icon_color=&#8221;#f05da3&#8243; icon_placement=&#8221;left&#8221; _builder_version=&#8221;3.19.4&#8243;]<strong>&#8230; zaradili do svojich postupov NCCN a ASCO, ESMO, AJCC a St. Gallen.<\/strong><br \/>\n[\/et_pb_blurb][\/et_pb_column][\/et_pb_row][\/et_pb_section][et_pb_section fb_built=&#8221;1&#8243; inner_shadow=&#8221;on&#8221; _builder_version=&#8221;3.19.4&#8243; use_background_color_gradient=&#8221;on&#8221; background_color_gradient_start=&#8221;#f05da3&#8243; background_color_gradient_end=&#8221;#db835d&#8221; background_color_gradient_direction=&#8221;70deg&#8221; custom_padding=&#8221;0|0px|0|0px|false|false&#8221;][et_pb_row custom_padding=&#8221;0|0px|0|0px|false|false&#8221; _builder_version=&#8221;3.0.48&#8243; background_size=&#8221;initial&#8221; background_position=&#8221;top_left&#8221; background_repeat=&#8221;repeat&#8221;][et_pb_column type=&#8221;1_3&#8243; _builder_version=&#8221;3.0.47&#8243; parallax=&#8221;off&#8221; parallax_method=&#8221;on&#8221;][et_pb_image src=&#8221;http:\/\/www.mammaprint.cz\/wp-content\/uploads\/2019\/01\/micro.jpg&#8221; _builder_version=&#8221;3.19.4&#8243;]<br \/>\n[\/et_pb_image][\/et_pb_column][et_pb_column type=&#8221;2_3&#8243; _builder_version=&#8221;3.0.47&#8243; parallax=&#8221;off&#8221; parallax_method=&#8221;on&#8221;][et_pb_text _builder_version=&#8221;3.19.4&#8243; custom_margin=&#8221;25px|||&#8221;]<\/p>\n<p><span style=\"font-size: large; color: #ffffff;\"><strong>Ako prebieha testovanie? <\/strong><\/span><\/p>\n<p>[\/et_pb_text][et_pb_text _builder_version=&#8221;3.19.4&#8243; text_font=&#8221;||||||||&#8221; text_text_color=&#8221;#ffffff&#8221;]<\/p>\n<p>Testy MAmmaPrint a BluePrint je mo\u017en\u00e9 vykona\u0165 s\u00fa\u010dasne a na jednej vzorke tkaniva, v\u00fdsledky s\u00fa k dispoz\u00edcii do <strong>desiatich<\/strong> dn\u00ed.<\/p>\n<p>[\/et_pb_text][et_pb_text _builder_version=&#8221;3.19.4&#8243;]<span style=\"font-size: large; color: #ffffff;\"><strong>Komu je MammaPrint ur\u010den\u00fd?<\/strong><\/span><br \/>\n[\/et_pb_text][et_pb_text _builder_version=&#8221;3.19.4&#8243; text_text_color=&#8221;#ffffff&#8221; custom_margin=&#8221;20px||&#8221;]<\/p>\n<p>Obidva testy, MAmmaPrint aj BluePrint s\u00fa navrhnut\u00e9 pre \u017eeny v\u0161etk\u00fdch vekov\u00fdch kateg\u00f3ri\u00ed, ktor\u00e9:<\/p>\n<ul>\n<li style=\"list-style-type: none;\">\n<ul>\n<li style=\"list-style-type: none;\">\n<ul>\n<li style=\"list-style-type: none;\">\n<ul>\n<li>S\u00fa novo diagnostikovan\u00e9 s invaz\u00edvnym karcin\u00f3mom prsn\u00edka v po\u010diato\u010dnom \u0161t\u00e1diu (\u0161t\u00e1dium I alebo II)<\/li>\n<li>Maj\u00fa n\u00e1dor men\u0161\u00ed ne\u017e 5cm<\/li>\n<li>\tMaj\u00fa negat\u00edvne lymfatick\u00e9 uzliny alebo 1-3 pozit\u00edvne lymfatick\u00e9 uzliny<\/li>\n<\/ul>\n<\/li>\n<\/ul>\n<\/li>\n<\/ul>\n<\/li>\n<\/ul>\n<p>[\/et_pb_text][et_pb_button button_url=&#8221;http:\/\/www.mammaprint.cz\/sk\/kontakty\/&#8221; button_text=&#8221;Kontaktujte n\u00e1s&#8221; button_alignment=&#8221;center&#8221; _builder_version=&#8221;3.19.4&#8243; background_layout=&#8221;dark&#8221; custom_margin=&#8221;-43px||&#8221;][\/et_pb_button][\/et_pb_column][\/et_pb_row][\/et_pb_section]<\/p>\n","protected":false},"excerpt":{"rendered":"<p>\u010co je MammaPrint? MammaPrint je genomick\u00fd test, ktor\u00fd analyzuje 70 najd\u00f4le\u017eitej\u0161\u00edch g\u00e9nov spojen\u00fdch s rekurenciou (n\u00e1vratom) karcin\u00f3mu prsn\u00edka a klasifikuje pacientky do skupiny s \u201en\u00edzkym rizikom\u201c a \u201evysok\u00fdm rizikom! Vzniku metast\u00e1z v priebehu prv\u00fdch 10 rokoch po stanoven\u00ed diagn\u00f3zy a to bez nejednozna\u010dn\u00e9ho v\u00fdsledku v podobe \u201estredn\u00e9ho! Sk\u00f3re, ako je to pri in\u00fdch testoch. Jednozna\u010dnos\u0165 [&hellip;]<\/p>\n","protected":false},"author":1,"featured_media":0,"parent":0,"menu_order":0,"comment_status":"closed","ping_status":"closed","template":"","meta":{"_et_pb_use_builder":"on","_et_pb_old_content":"","_et_gb_content_width":"","om_disable_all_campaigns":false,"_monsterinsights_skip_tracking":false,"_monsterinsights_sitenote_active":false,"_monsterinsights_sitenote_note":"","_monsterinsights_sitenote_category":0,"footnotes":""},"class_list":["post-439","page","type-page","status-publish","hentry"],"aioseo_notices":[],"_links":{"self":[{"href":"https:\/\/www.mammaprint.cz\/sk\/wp-json\/wp\/v2\/pages\/439","targetHints":{"allow":["GET"]}}],"collection":[{"href":"https:\/\/www.mammaprint.cz\/sk\/wp-json\/wp\/v2\/pages"}],"about":[{"href":"https:\/\/www.mammaprint.cz\/sk\/wp-json\/wp\/v2\/types\/page"}],"author":[{"embeddable":true,"href":"https:\/\/www.mammaprint.cz\/sk\/wp-json\/wp\/v2\/users\/1"}],"replies":[{"embeddable":true,"href":"https:\/\/www.mammaprint.cz\/sk\/wp-json\/wp\/v2\/comments?post=439"}],"version-history":[{"count":2,"href":"https:\/\/www.mammaprint.cz\/sk\/wp-json\/wp\/v2\/pages\/439\/revisions"}],"predecessor-version":[{"id":460,"href":"https:\/\/www.mammaprint.cz\/sk\/wp-json\/wp\/v2\/pages\/439\/revisions\/460"}],"wp:attachment":[{"href":"https:\/\/www.mammaprint.cz\/sk\/wp-json\/wp\/v2\/media?parent=439"}],"curies":[{"name":"wp","href":"https:\/\/api.w.org\/{rel}","templated":true}]}}