{"id":449,"date":"2019-03-14T12:09:17","date_gmt":"2019-03-14T11:09:17","guid":{"rendered":"http:\/\/www.mammaprint.cz\/genomicke-testovanie\/"},"modified":"2019-03-14T12:09:20","modified_gmt":"2019-03-14T11:09:20","slug":"genomicke-testovanie","status":"publish","type":"page","link":"https:\/\/www.mammaprint.cz\/sk\/genomicke-testovanie\/","title":{"rendered":"Genomick\u00e9 testovanie"},"content":{"rendered":"<p>[et_pb_section bb_built=&#8221;1&#8243; next_background_color=&#8221;#ffffff&#8221; _builder_version=&#8221;3.19.4&#8243; background_image=&#8221;http:\/\/www.mammaprint.cz\/wp-content\/uploads\/2019\/01\/hal.jpg&#8221; parallax=&#8221;on&#8221; custom_padding=&#8221;120px|0px|120px|0px|false|false&#8221; bottom_divider_style=&#8221;ramp2&#8243; bottom_divider_height=&#8221;110px&#8221;][et_pb_row _builder_version=&#8221;3.0.48&#8243; background_size=&#8221;initial&#8221; background_position=&#8221;top_left&#8221; background_repeat=&#8221;repeat&#8221;][et_pb_column type=&#8221;4_4&#8243;][et_pb_text _builder_version=&#8221;3.19.4&#8243; text_orientation=&#8221;center&#8221; background_layout=&#8221;dark&#8221;]<\/p>\n<h2><strong><b>Genomick\u00e9 testovanie poskytuje viac inform\u00e1ci\u00ed o ochoren\u00ed!<\/b><\/strong><\/h2>\n<p>[\/et_pb_text][\/et_pb_column][\/et_pb_row][\/et_pb_section][et_pb_section bb_built=&#8221;1&#8243; _builder_version=&#8221;3.0.47&#8243; custom_padding=&#8221;22px|0px|11px|0px|false|false&#8221; prev_background_color=&#8221;#000000&#8243; next_background_color=&#8221;#000000&#8243;][et_pb_row custom_padding=&#8221;27px|0px|10px|0px|false|false&#8221; _builder_version=&#8221;3.0.48&#8243; background_size=&#8221;initial&#8221; background_position=&#8221;top_left&#8221; background_repeat=&#8221;repeat&#8221;][et_pb_column type=&#8221;2_5&#8243;][et_pb_image src=&#8221;http:\/\/www.mammaprint.cz\/wp-content\/uploads\/2019\/02\/MiSeq.png&#8221; _builder_version=&#8221;3.19.4&#8243; animation_style=&#8221;fade&#8221;]<\/p>\n<p>[\/et_pb_image][et_pb_text _builder_version=&#8221;3.19.4&#8243;]<\/p>\n<p style=\"text-align: center;\"><span style=\"font-size: small;\">Pr\u00edstroj MiSeq spolo\u010dnosti Illumina, v ktorom prebiehaj\u00fa testy MAmmaPrint a BluePrint spolo\u010dnosti Agendie.\u00a0<\/span><\/p>\n<p>[\/et_pb_text][\/et_pb_column][et_pb_column type=&#8221;3_5&#8243;][et_pb_text _builder_version=&#8221;3.19.4&#8243;]<\/p>\n<p><span style=\"font-size: medium;\">Odborn\u00edci v zdravotn\u00edctve sa u\u017e nemusia, pri hodnoten\u00ed rizika recid\u00edvy , spolieha\u0165 v\u00fdhradne na klinick\u00e9 a patologick\u00e9 faktory, ak\u00fdmi s\u00fa vek pacienta, ve\u013ekos\u0165 tumoru, grade n\u00e1doru, postihnutie lymfatick\u00fdch uzl\u00edn, status hormon\u00e1lnych receptorov  alebo status HER2.<\/span><\/p>\n<p><span style=\"font-size: medium;\">Genomick\u00e1 inform\u00e1cia o n\u00e1dore v klinickom a patologickom hodnoten\u00ed lek\u00e1ra prin\u00e1\u0161a jasnej\u0161\u00ed obraz a umo\u017e\u0148uje urobi\u0165 kvalitnej\u0161ie rozhodnutie o pl\u00e1ne lie\u010dby.<\/span><\/p>\n<p>[\/et_pb_text][\/et_pb_column][\/et_pb_row][\/et_pb_section][et_pb_section bb_built=&#8221;1&#8243; _builder_version=&#8221;3.0.47&#8243; custom_padding=&#8221;11px|0px|6px|0px|false|false&#8221; prev_background_color=&#8221;#000000&#8243; next_background_color=&#8221;#000000&#8243;][et_pb_row custom_padding=&#8221;13px|0px|27px|0px|false|false&#8221; _builder_version=&#8221;3.0.48&#8243; background_size=&#8221;initial&#8221; background_position=&#8221;top_left&#8221; background_repeat=&#8221;repeat&#8221;][et_pb_column type=&#8221;4_4&#8243;][et_pb_text _builder_version=&#8221;3.19.4&#8243;]<\/p>\n<blockquote>\n<p><span style=\"font-size: large;\"><strong><b>Ak\u00fd je rozdiel medzi genetick\u00fdm a genomick\u00fdm testovan\u00edm? <\/b><\/strong><\/span><\/p>\n<\/blockquote>\n<p><span style=\"font-size: medium;\">Aj napriek tomu, \u017ee genetick\u00e9 a genomick\u00e9 testovanie znie podobne, analyzuje r\u00f4zne veci.<\/span><\/p>\n<p>[\/et_pb_text][\/et_pb_column][\/et_pb_row][et_pb_row _builder_version=&#8221;3.0.48&#8243; background_size=&#8221;initial&#8221; background_position=&#8221;top_left&#8221; background_repeat=&#8221;repeat&#8221;][et_pb_column type=&#8221;1_2&#8243;][et_pb_text _builder_version=&#8221;3.19.4&#8243; border_color_left=&#8221;#d84117&#8243;]<\/p>\n<p><span style=\"font-size: medium;\"><strong><u>Genomick\u00e9 testovanie<\/u><\/strong> <em><i>sk\u00fama aktivitu \u0161pecifick\u00fdch g\u00e9nov v n\u00e1dore<\/i><\/em>, a zis\u0165uje, \u010do riadi jeho rast a spr\u00e1vanie. . Genomick\u00e9 testovanie pom\u00e1ha zisti\u0165, <em><i>\u010di je pravdepodobn\u00fd n\u00e1vrat karcin\u00f3mu,<\/i><\/em>, \u010d\u00edm lek\u00e1rovi pom\u00e1ha s rozhodnut\u00edm t\u00fdkaj\u00facim sa onkologickej lie\u010dby.<\/span><\/p>\n<p>[\/et_pb_text][\/et_pb_column][et_pb_column type=&#8221;1_2&#8243;][et_pb_text _builder_version=&#8221;3.19.4&#8243;]<\/p>\n<p><span style=\"font-size: medium;\"><strong><u>Genetick\u00e9 testovanie<\/u><\/strong>\u00a0oproti tomu <em>sk\u00fama g\u00e9ny<\/em> s ktor\u00fdmi sa \u010dlovek narod\u00ed a ur\u010duje tak, <em>\u010di existuje dedi\u010dn\u00e9 riziko<\/em>, napr. riziko mut\u00e1cie v g\u00e9ne BRCA1\/2, ktor\u00e9 sp\u00f4sobuje dedi\u010dn\u00e9 predispoz\u00edcie k rakovine a zvy\u0161uje riziko vzniku zhubn\u00e9ho n\u00e1doru<\/span><\/p>\n<p>[\/et_pb_text][\/et_pb_column][\/et_pb_row][\/et_pb_section][et_pb_section bb_built=&#8221;1&#8243; _builder_version=&#8221;3.19.4&#8243; module_alignment=&#8221;center&#8221; custom_padding=&#8221;29px|0px|29px|0px|true|false&#8221; bottom_divider_style=&#8221;waves2&#8243; bottom_divider_color=&#8221;rgba(0,0,0,0.24)&#8221; bottom_divider_height=&#8221;414px&#8221; bottom_divider_repeat=&#8221;0.6x&#8221; bottom_divider_height_tablet=&#8221;220px&#8221; bottom_divider_height_phone=&#8221;160px&#8221; bottom_divider_height_last_edited=&#8221;on|phone&#8221; locked=&#8221;off&#8221; prev_background_color=&#8221;#000000&#8243;][et_pb_row _builder_version=&#8221;3.19.4&#8243; background_size=&#8221;initial&#8221; background_position=&#8221;top_left&#8221; background_repeat=&#8221;repeat&#8221; animation_style=&#8221;bounce&#8221;][et_pb_column type=&#8221;1_2&#8243;][et_pb_blurb title=&#8221;MammaPrint&#8221; image=&#8221;http:\/\/www.mammaprint.cz\/wp-content\/uploads\/2019\/01\/Agendia_MammaPrint_Logo.jpg&#8221; image_max_width=&#8221;35%&#8221; content_max_width=&#8221;1100px&#8221; icon_font_size_phone=&#8221;32px&#8221; icon_font_size_last_edited=&#8221;on|phone&#8221; _builder_version=&#8221;3.19.4&#8243; header_level=&#8221;h3&#8243; header_font=&#8221;Roboto|700|||||||&#8221; header_text_align=&#8221;center&#8221; header_font_size_phone=&#8221;26&#8243; header_font_size_last_edited=&#8221;on|phone&#8221; header_line_height=&#8221;1.7em&#8221; body_text_align=&#8221;left&#8221; body_font_size=&#8221;16px&#8221; body_font_size_phone=&#8221;14px&#8221; body_font_size_last_edited=&#8221;on|phone&#8221; body_line_height=&#8221;1.5em&#8221; background_color=&#8221;#ffffff&#8221; border_radii=&#8221;|10px|10px|10px|10px&#8221; border_width_all=&#8221;6px&#8221; border_color_all=&#8221;#f75150&#8243; box_shadow_style=&#8221;preset1&#8243; box_shadow_blur=&#8221;70px&#8221; box_shadow_color=&#8221;rgba(110,130,208,0.18)&#8221; text_orientation=&#8221;center&#8221; module_alignment=&#8221;left&#8221; custom_margin=&#8221;||0px|&#8221; custom_padding=&#8221;30px|20px|40px|20px|false|true&#8221; custom_padding_last_edited=&#8221;off|desktop&#8221; animation=&#8221;off&#8221;]<\/p>\n<p>Genomick\u00fd test, ktor\u00fd pom\u00e1ha pacientom a lek\u00e1rom robi\u0165 jednozna\u010dn\u00e9 rozhodnutia t\u00fdkaj\u00face sa lie\u010dby.<\/p>\n<p>[\/et_pb_blurb][et_pb_button button_url=&#8221;http:\/\/www.mammaprint.cz\/sk\/mammaprint\/&#8221; button_text=&#8221;Viac inform\u00e1ci\u00ed&#8221; button_alignment=&#8221;center&#8221; _builder_version=&#8221;3.19.4&#8243; custom_button=&#8221;on&#8221; button_bg_color=&#8221;#f75150&#8243; button_border_width=&#8221;0&#8243; button_border_radius=&#8221;5&#8243; background_layout=&#8221;dark&#8221; custom_margin=&#8221;-25px|||&#8221;]<\/p>\n<p>[\/et_pb_button][\/et_pb_column][et_pb_column type=&#8221;1_2&#8243;][et_pb_blurb title=&#8221;BluePrint&#8221; image=&#8221;http:\/\/www.mammaprint.cz\/wp-content\/uploads\/2019\/01\/Agendia_BluePrint_Logo-1.jpg&#8221; image_max_width=&#8221;35%&#8221; content_max_width=&#8221;1100px&#8221; icon_font_size_phone=&#8221;32px&#8221; icon_font_size_last_edited=&#8221;on|phone&#8221; _builder_version=&#8221;3.19.4&#8243; header_level=&#8221;h3&#8243; header_font=&#8221;Roboto|700|||||||&#8221; header_font_size_phone=&#8221;26&#8243; header_font_size_last_edited=&#8221;on|phone&#8221; header_line_height=&#8221;1.7em&#8221; body_font_size=&#8221;16px&#8221; body_font_size_phone=&#8221;14px&#8221; body_font_size_last_edited=&#8221;on|phone&#8221; background_color=&#8221;#ffffff&#8221; border_radii=&#8221;|10px|10px|10px|10px&#8221; border_width_all=&#8221;6px&#8221; border_color_all=&#8221;#05a6cf&#8221; box_shadow_style=&#8221;preset1&#8243; box_shadow_blur=&#8221;70px&#8221; box_shadow_color=&#8221;rgba(110,130,208,0.18)&#8221; text_orientation=&#8221;center&#8221; module_alignment=&#8221;left&#8221; custom_margin=&#8221;||0px|&#8221; custom_padding=&#8221;30px|20px|40px|20px|false|true&#8221; custom_padding_last_edited=&#8221;off|desktop&#8221; animation=&#8221;off&#8221;]<\/p>\n<p>Genomick\u00fd test, ktor\u00fd vie predv\u00edda\u0165 pravdepodobn\u00e9 spr\u00e1vanie sa n\u00e1doru.<\/p>\n<p>[\/et_pb_blurb][et_pb_button button_url=&#8221;http:\/\/www.mammaprint.cz\/sk\/blueprint\/&#8221; button_text=&#8221;Viac inform\u00e1ci\u00ed&#8221; button_alignment=&#8221;center&#8221; _builder_version=&#8221;3.19.4&#8243; custom_button=&#8221;on&#8221; button_bg_color=&#8221;#05a6cf&#8221; button_border_width=&#8221;0&#8243; button_border_radius=&#8221;5&#8243; background_layout=&#8221;dark&#8221; custom_margin=&#8221;-25px|||&#8221;]<\/p>\n<p>[\/et_pb_button][\/et_pb_column][\/et_pb_row][\/et_pb_section]<\/p>\n","protected":false},"excerpt":{"rendered":"<p>Genomick\u00e9 testovanie poskytuje viac inform\u00e1ci\u00ed o ochoren\u00ed! Pr\u00edstroj MiSeq spolo\u010dnosti Illumina, v ktorom prebiehaj\u00fa testy MAmmaPrint a BluePrint spolo\u010dnosti Agendie.\u00a0 Odborn\u00edci v zdravotn\u00edctve sa u\u017e nemusia, pri hodnoten\u00ed rizika recid\u00edvy , spolieha\u0165 v\u00fdhradne na klinick\u00e9 a patologick\u00e9 faktory, ak\u00fdmi s\u00fa vek pacienta, ve\u013ekos\u0165 tumoru, grade n\u00e1doru, postihnutie lymfatick\u00fdch uzl\u00edn, status hormon\u00e1lnych receptorov alebo status HER2. [&hellip;]<\/p>\n","protected":false},"author":1,"featured_media":0,"parent":0,"menu_order":0,"comment_status":"closed","ping_status":"closed","template":"","meta":{"_et_pb_use_builder":"on","_et_pb_old_content":"","_et_gb_content_width":"","om_disable_all_campaigns":false,"_monsterinsights_skip_tracking":false,"_monsterinsights_sitenote_active":false,"_monsterinsights_sitenote_note":"","_monsterinsights_sitenote_category":0,"footnotes":""},"class_list":["post-449","page","type-page","status-publish","hentry"],"aioseo_notices":[],"_links":{"self":[{"href":"https:\/\/www.mammaprint.cz\/sk\/wp-json\/wp\/v2\/pages\/449","targetHints":{"allow":["GET"]}}],"collection":[{"href":"https:\/\/www.mammaprint.cz\/sk\/wp-json\/wp\/v2\/pages"}],"about":[{"href":"https:\/\/www.mammaprint.cz\/sk\/wp-json\/wp\/v2\/types\/page"}],"author":[{"embeddable":true,"href":"https:\/\/www.mammaprint.cz\/sk\/wp-json\/wp\/v2\/users\/1"}],"replies":[{"embeddable":true,"href":"https:\/\/www.mammaprint.cz\/sk\/wp-json\/wp\/v2\/comments?post=449"}],"version-history":[{"count":1,"href":"https:\/\/www.mammaprint.cz\/sk\/wp-json\/wp\/v2\/pages\/449\/revisions"}],"predecessor-version":[{"id":454,"href":"https:\/\/www.mammaprint.cz\/sk\/wp-json\/wp\/v2\/pages\/449\/revisions\/454"}],"wp:attachment":[{"href":"https:\/\/www.mammaprint.cz\/sk\/wp-json\/wp\/v2\/media?parent=449"}],"curies":[{"name":"wp","href":"https:\/\/api.w.org\/{rel}","templated":true}]}}