{"id":476,"date":"2019-03-14T13:17:26","date_gmt":"2019-03-14T12:17:26","guid":{"rendered":"http:\/\/www.mammaprint.cz\/agendia\/"},"modified":"2019-03-14T16:07:09","modified_gmt":"2019-03-14T15:07:09","slug":"agendia","status":"publish","type":"page","link":"https:\/\/www.mammaprint.cz\/sk\/agendia\/","title":{"rendered":"Agendia"},"content":{"rendered":"<p>[et_pb_section bb_built=&#8221;1&#8243; _builder_version=&#8221;3.0.47&#8243; custom_padding=&#8221;54px|0px|22px|0px|false|false&#8221; next_background_color=&#8221;#000000&#8243;][et_pb_row _builder_version=&#8221;3.0.48&#8243; background_size=&#8221;initial&#8221; background_position=&#8221;top_left&#8221; background_repeat=&#8221;repeat&#8221;][et_pb_column type=&#8221;1_3&#8243;][et_pb_image src=&#8221;http:\/\/www.mammaprint.cz\/wp-content\/uploads\/2019\/01\/agendia_logo_stacked_color_po.jpg&#8221; align=&#8221;center&#8221; _builder_version=&#8221;3.19.4&#8243; max_width=&#8221;75%&#8221; module_alignment=&#8221;center&#8221; \/][\/et_pb_column][et_pb_column type=&#8221;2_3&#8243;][et_pb_text _builder_version=&#8221;3.19.4&#8243; text_font_size=&#8221;16px&#8221; header_2_line_height=&#8221;1.2em&#8221; header_3_line_height=&#8221;1.2em&#8221;]<\/p>\n<h3>Testy, ktor\u00e9 pon\u00fakame, vyvinula spolo\u010dnos\u0165 Agendia so s\u00eddlom v Holandsku.<\/h3>\n<p>Jedn\u00e1 sa o ved\u00facu spolo\u010dnos\u0165 v molekul\u00e1rnej diagnostike, ktor\u00e1 sa zameriava na zlep\u0161ovanie kvality \u017eivota pacientov so zhubn\u00fdmi n\u00e1dormi a v\u00fdvojom genomick\u00fdch testov, ktor\u00e9 pom\u00e1haj\u00fa lek\u00e1rom pri rozhodovan\u00ed o komplexnej lie\u010dbe a pritom zni\u017eova\u0165 n\u00e1klady na zdravotn\u00fa starostlivos\u0165.<\/p>\n<p>Testy karcin\u00f3mu prsn\u00edka od spolo\u010dnosti <strong>Agendia<\/strong> s\u00fa dostupn\u00e9 glob\u00e1lne, maj\u00fa <strong>certifik\u00e1ciu ISO<\/strong> a laborat\u00f3ri\u00e1 <strong>akreditovan\u00e9<\/strong> <strong>CAP<\/strong> a <strong>CLIA<\/strong> v Amsterdame a Irvine (USA, Kalifornia).<\/p>\n<p>[\/et_pb_text][\/et_pb_column][\/et_pb_row][\/et_pb_section][et_pb_section bb_built=&#8221;1&#8243; _builder_version=&#8221;3.0.47&#8243; custom_padding=&#8221;12px|0px|54px|0px|false|false&#8221; prev_background_color=&#8221;#000000&#8243;][et_pb_row _builder_version=&#8221;3.0.48&#8243; background_size=&#8221;initial&#8221; background_position=&#8221;top_left&#8221; background_repeat=&#8221;repeat&#8221;][et_pb_column type=&#8221;1_3&#8243;][et_pb_number_counter _builder_version=&#8221;3.19.4&#8243; number=&#8221;46%&#8221; number_text_color=&#8221;#2ea3f2&#8243; \/][\/et_pb_column][et_pb_column type=&#8221;2_3&#8243;][et_pb_text _builder_version=&#8221;3.19.4&#8243;]<\/p>\n<p>\u0160t\u00fadia MINDACT preuk\u00e1zala, \u017ee 46% pacientiek, u ktor\u00fdch bolo na z\u00e1klade klinick\u00fdch a patologick\u00fdch faktorov identifikovan\u00e9 vysok\u00e9 riziko vzdialenej rekurencie, MammaPrint preklasifikoval ako genomicky n\u00edzkorizikov\u00e9. T\u00fdmto pacientkam nepriniesla chemoterapia v\u00fdznamnej\u0161\u00ed benefit.<\/p>\n<p>[\/et_pb_text][\/et_pb_column][\/et_pb_row][\/et_pb_section]<\/p>\n","protected":false},"excerpt":{"rendered":"<p>Testy, ktor\u00e9 pon\u00fakame, vyvinula spolo\u010dnos\u0165 Agendia so s\u00eddlom v Holandsku. Jedn\u00e1 sa o ved\u00facu spolo\u010dnos\u0165 v molekul\u00e1rnej diagnostike, ktor\u00e1 sa zameriava na zlep\u0161ovanie kvality \u017eivota pacientov so zhubn\u00fdmi n\u00e1dormi a v\u00fdvojom genomick\u00fdch testov, ktor\u00e9 pom\u00e1haj\u00fa lek\u00e1rom pri rozhodovan\u00ed o komplexnej lie\u010dbe a pritom zni\u017eova\u0165 n\u00e1klady na zdravotn\u00fa starostlivos\u0165. Testy karcin\u00f3mu prsn\u00edka od spolo\u010dnosti Agendia s\u00fa [&hellip;]<\/p>\n","protected":false},"author":1,"featured_media":0,"parent":0,"menu_order":0,"comment_status":"closed","ping_status":"closed","template":"","meta":{"_et_pb_use_builder":"on","_et_pb_old_content":"","_et_gb_content_width":"","om_disable_all_campaigns":false,"_monsterinsights_skip_tracking":false,"_monsterinsights_sitenote_active":false,"_monsterinsights_sitenote_note":"","_monsterinsights_sitenote_category":0,"footnotes":""},"class_list":["post-476","page","type-page","status-publish","hentry"],"aioseo_notices":[],"_links":{"self":[{"href":"https:\/\/www.mammaprint.cz\/sk\/wp-json\/wp\/v2\/pages\/476","targetHints":{"allow":["GET"]}}],"collection":[{"href":"https:\/\/www.mammaprint.cz\/sk\/wp-json\/wp\/v2\/pages"}],"about":[{"href":"https:\/\/www.mammaprint.cz\/sk\/wp-json\/wp\/v2\/types\/page"}],"author":[{"embeddable":true,"href":"https:\/\/www.mammaprint.cz\/sk\/wp-json\/wp\/v2\/users\/1"}],"replies":[{"embeddable":true,"href":"https:\/\/www.mammaprint.cz\/sk\/wp-json\/wp\/v2\/comments?post=476"}],"version-history":[{"count":3,"href":"https:\/\/www.mammaprint.cz\/sk\/wp-json\/wp\/v2\/pages\/476\/revisions"}],"predecessor-version":[{"id":483,"href":"https:\/\/www.mammaprint.cz\/sk\/wp-json\/wp\/v2\/pages\/476\/revisions\/483"}],"wp:attachment":[{"href":"https:\/\/www.mammaprint.cz\/sk\/wp-json\/wp\/v2\/media?parent=476"}],"curies":[{"name":"wp","href":"https:\/\/api.w.org\/{rel}","templated":true}]}}