{"id":539,"date":"2019-04-24T11:26:23","date_gmt":"2019-04-24T09:26:23","guid":{"rendered":"http:\/\/www.mammaprint.cz\/ako-objednat\/"},"modified":"2024-05-09T19:38:19","modified_gmt":"2024-05-09T17:38:19","slug":"ako-objednat","status":"publish","type":"page","link":"https:\/\/www.mammaprint.cz\/sk\/kontakty\/ako-objednat\/","title":{"rendered":"Ako objedna\u0165"},"content":{"rendered":"<p>[et_pb_section fb_built=&#8221;1&#8243; next_background_color=&#8221;#ffffff&#8221; _builder_version=&#8221;4.16&#8243; background_image=&#8221;https:\/\/www.mammaprint.cz\/wp-content\/uploads\/2019\/03\/22-Morgan-Lab.jpg&#8221; parallax=&#8221;on&#8221; custom_padding=&#8221;120px|0px|120px|0px|false|false&#8221; bottom_divider_style=&#8221;ramp2&#8243; bottom_divider_height=&#8221;110px&#8221; global_colors_info=&#8221;{}&#8221;][et_pb_row _builder_version=&#8221;4.16&#8243; background_size=&#8221;initial&#8221; background_position=&#8221;top_left&#8221; background_repeat=&#8221;repeat&#8221; global_colors_info=&#8221;{}&#8221;][et_pb_column type=&#8221;4_4&#8243; _builder_version=&#8221;4.16&#8243; custom_padding=&#8221;|||&#8221; global_colors_info=&#8221;{}&#8221; custom_padding__hover=&#8221;|||&#8221;][et_pb_text _builder_version=&#8221;4.16&#8243; text_orientation=&#8221;center&#8221; background_layout=&#8221;dark&#8221; custom_padding=&#8221;100px|||&#8221; global_colors_info=&#8221;{}&#8221;]<\/p>\n<h2><strong><b>Ver\u00edme, \u017ee onkologick\u00ed pacienti maj\u00fa pr\u00e1vo<br \/> na najlep\u0161ie genomov\u00e9 testovanie vo svojej triede.<br \/>\n<\/b><\/strong><\/h2>\n<p>[\/et_pb_text][\/et_pb_column][\/et_pb_row][\/et_pb_section][et_pb_section fb_built=&#8221;1&#8243; _builder_version=&#8221;4.16&#8243; custom_padding=&#8221;22px|0px|11px|0px|false|false&#8221; global_colors_info=&#8221;{}&#8221;][et_pb_row column_structure=&#8221;2_5,3_5&#8243; _builder_version=&#8221;4.16&#8243; background_size=&#8221;initial&#8221; background_position=&#8221;top_left&#8221; background_repeat=&#8221;repeat&#8221; custom_padding=&#8221;27px|0px|10px|0px|false|false&#8221; global_colors_info=&#8221;{}&#8221;][et_pb_column type=&#8221;2_5&#8243; _builder_version=&#8221;4.16&#8243; custom_padding=&#8221;|||&#8221; global_colors_info=&#8221;{}&#8221; custom_padding__hover=&#8221;|||&#8221;][et_pb_image src=&#8221;https:\/\/www.mammaprint.cz\/wp-content\/uploads\/2019\/02\/MiSeq.png&#8221; align_tablet=&#8221;center&#8221; align_phone=&#8221;center&#8221; align_last_edited=&#8221;on|desktop&#8221; _builder_version=&#8221;4.16&#8243; animation_style=&#8221;fade&#8221; global_colors_info=&#8221;{}&#8221;][\/et_pb_image][et_pb_text _builder_version=&#8221;4.16&#8243; global_colors_info=&#8221;{}&#8221;]<\/p>\n<p style=\"text-align: center;\"><span style=\"font-size: small;\">Pr\u00edstroj Miseq spolo\u010dnosti Illumina, v ktorom prebiehaj\u00fa testy Mammaprint a Blueprint spolo\u010dnosti Agendie.<\/span><\/p>\n<p>[\/et_pb_text][\/et_pb_column][et_pb_column type=&#8221;3_5&#8243; _builder_version=&#8221;4.16&#8243; custom_padding=&#8221;|||&#8221; global_colors_info=&#8221;{}&#8221; custom_padding__hover=&#8221;|||&#8221;][et_pb_text _builder_version=&#8221;4.16&#8243; global_colors_info=&#8221;{}&#8221;]<\/p>\n<h3><strong>Inform\u00e1cie pre o\u0161etruj\u00faceho lek\u00e1ra<\/strong><\/h3>\n<p>[\/et_pb_text][et_pb_text _builder_version=&#8221;4.24.2&#8243; z_index_tablet=&#8221;500&#8243; global_colors_info=&#8221;{}&#8221;]<\/p>\n<ul>\n<li>Inform\u00e1cie o pacientovi, pre ktor\u00e9ho potrebujete vy\u0161etrenie testami MAmmaprint a Blueprint po\u0161lite e-mailom na adresu: stanislava.rajcanova@leram-pharma.sk<\/li>\n<li>N\u00e1sledne V\u00e1s budeme kontaktova\u0165 a pom\u00f4\u017eeme V\u00e1m s objedn\u00e1vkou a odoslan\u00edm vzorky do Agendie<\/li>\n<li>Po odoslan\u00ed vzorky objedn\u00e1me, pomocou zabezpe\u010denej datab\u00e1zy, vykonanie testov Mammaprint a Blueprint a budeme V\u00e1s o jeho objednan\u00ed obratom informova\u0165.<\/li>\n<li>Podrobn\u00fd v\u00fdsledok testu obdr\u017e\u00ed o\u0161etruj\u00faci onkol\u00f3g najnesk\u00f4r do 10 dn\u00ed e-mailom<\/li>\n<li>V pr\u00edpade potreby dopl\u0148uj\u00facich inform\u00e1ci\u00ed alebo asistencie, kontaktujte, pros\u00edm, <span>Mgr. Stanislava Raj\u010danov\u00e1<\/span><br \/><span>(tel: +421 904 900 564, <\/span><span><a href=\"mailto:stanislava.rajcanova@leram-pharma.sk\">stanislava.rajcanova@leram-pharma.sk<\/a>).<\/span><\/li>\n<\/ul>\n<p>[\/et_pb_text][\/et_pb_column][\/et_pb_row][\/et_pb_section][et_pb_section fb_built=&#8221;1&#8243; _builder_version=&#8221;4.16&#8243; global_colors_info=&#8221;{}&#8221;][et_pb_row column_structure=&#8221;1_3,1_3,1_3&#8243; _builder_version=&#8221;4.16&#8243; global_colors_info=&#8221;{}&#8221;][et_pb_column type=&#8221;1_3&#8243; _builder_version=&#8221;4.16&#8243; custom_padding=&#8221;|||&#8221; global_colors_info=&#8221;{}&#8221; custom_padding__hover=&#8221;|||&#8221;][et_pb_blurb icon_placement=&#8221;left&#8221; image_icon_width=&#8221;35%&#8221; content_max_width=&#8221;1100px&#8221; image_icon_width_tablet=&#8221;35%&#8221; image_icon_width_phone=&#8221;35%&#8221; image_icon_width_last_edited=&#8221;on|desktop&#8221; _builder_version=&#8221;4.16&#8243; header_level=&#8221;h3&#8243; header_font=&#8221;Roboto|700|||||||&#8221; header_line_height=&#8221;1.7em&#8221; body_font_size=&#8221;16px&#8221; background_color=&#8221;#ffffff&#8221; text_orientation=&#8221;center&#8221; module_alignment=&#8221;left&#8221; custom_margin=&#8221;||0px|&#8221; custom_padding=&#8221;30px|10px|40px|10px&#8221; custom_padding_last_edited=&#8221;off|desktop&#8221; animation=&#8221;off&#8221; header_font_size_tablet=&#8221;&#8221; header_font_size_phone=&#8221;26&#8243; header_font_size_last_edited=&#8221;on|phone&#8221; body_font_size_tablet=&#8221;&#8221; body_font_size_phone=&#8221;14px&#8221; body_font_size_last_edited=&#8221;on|phone&#8221; z_index_tablet=&#8221;500&#8243; border_radii=&#8221;|10px|10px|10px|10px&#8221; border_width_all=&#8221;3px&#8221; border_color_all=&#8221;#2ea3f2&#8243; box_shadow_style=&#8221;preset1&#8243; box_shadow_blur=&#8221;70px&#8221; box_shadow_color=&#8221;rgba(110,130,208,0.18)&#8221; image_max_width=&#8221;35%&#8221; icon_font_size=&#8221;30px&#8221; icon_font_size_tablet=&#8221;&#8221; icon_font_size_phone=&#8221;32px&#8221; icon_font_size_last_edited=&#8221;on|desktop&#8221; global_colors_info=&#8221;{}&#8221;]<\/p>\n<p>Objedn\u00e1vka testu<\/p>\n<p>[\/et_pb_blurb][et_pb_button button_url=&#8221;\/wp-content\/uploads\/2019\/06\/Objednavka-testu-Mammaprint_LERAM_bez-uhrady-SK.pdf&#8221; url_new_window=&#8221;on&#8221; button_text=&#8221;PDF k vyplneniu&#8221; button_alignment=&#8221;center&#8221; _builder_version=&#8221;4.16&#8243; custom_button=&#8221;on&#8221; button_bg_color=&#8221;#2ea3f2&#8243; button_border_width=&#8221;0&#8243; button_border_radius=&#8221;5&#8243; background_layout=&#8221;dark&#8221; custom_margin=&#8221;-25px|||&#8221; z_index_tablet=&#8221;500&#8243; global_colors_info=&#8221;{}&#8221;][\/et_pb_button][\/et_pb_column][et_pb_column type=&#8221;1_3&#8243; _builder_version=&#8221;4.16&#8243; custom_padding=&#8221;|||&#8221; global_colors_info=&#8221;{}&#8221; custom_padding__hover=&#8221;|||&#8221;][et_pb_blurb icon_placement=&#8221;left&#8221; image_icon_width=&#8221;35%&#8221; content_max_width=&#8221;1100px&#8221; image_icon_width_tablet=&#8221;35%&#8221; image_icon_width_phone=&#8221;35%&#8221; image_icon_width_last_edited=&#8221;on|desktop&#8221; _builder_version=&#8221;4.16&#8243; header_level=&#8221;h3&#8243; header_font=&#8221;Roboto|700|||||||&#8221; header_line_height=&#8221;1.7em&#8221; body_font_size=&#8221;16px&#8221; background_color=&#8221;#ffffff&#8221; text_orientation=&#8221;center&#8221; module_alignment=&#8221;left&#8221; custom_margin=&#8221;||0px|&#8221; custom_padding=&#8221;30px|10px|40px|10px&#8221; custom_padding_last_edited=&#8221;off|desktop&#8221; animation=&#8221;off&#8221; header_font_size_tablet=&#8221;&#8221; header_font_size_phone=&#8221;26&#8243; header_font_size_last_edited=&#8221;on|phone&#8221; body_font_size_tablet=&#8221;&#8221; body_font_size_phone=&#8221;14px&#8221; body_font_size_last_edited=&#8221;on|phone&#8221; border_radii=&#8221;|10px|10px|10px|10px&#8221; border_width_all=&#8221;3px&#8221; border_color_all=&#8221;#2ea3f2&#8243; box_shadow_style=&#8221;preset1&#8243; box_shadow_blur=&#8221;70px&#8221; box_shadow_color=&#8221;rgba(110,130,208,0.18)&#8221; image_max_width=&#8221;35%&#8221; icon_font_size=&#8221;30px&#8221; icon_font_size_tablet=&#8221;&#8221; icon_font_size_phone=&#8221;32px&#8221; icon_font_size_last_edited=&#8221;on|desktop&#8221; global_colors_info=&#8221;{}&#8221;]<\/p>\n<p>Pr\u00edklad s\u00fahrnu v\u00fdsledku \u2013 vysok\u00e9 riziko<\/p>\n<p>[\/et_pb_blurb][et_pb_button button_url=&#8221;\/wp-content\/uploads\/2019\/06\/SAMPLE_MP_HighRisk_BP_Luminal.pdf&#8221; url_new_window=&#8221;on&#8221; button_text=&#8221;PDF na stiahnutie&#8221; button_alignment=&#8221;center&#8221; _builder_version=&#8221;4.16&#8243; custom_button=&#8221;on&#8221; button_bg_color=&#8221;#2ea3f2&#8243; button_border_width=&#8221;0&#8243; button_border_radius=&#8221;5&#8243; background_layout=&#8221;dark&#8221; custom_margin=&#8221;-25px|||&#8221; z_index_tablet=&#8221;500&#8243; global_colors_info=&#8221;{}&#8221;][\/et_pb_button][\/et_pb_column][et_pb_column type=&#8221;1_3&#8243; _builder_version=&#8221;4.16&#8243; custom_padding=&#8221;|||&#8221; global_colors_info=&#8221;{}&#8221; custom_padding__hover=&#8221;|||&#8221;][et_pb_blurb icon_placement=&#8221;left&#8221; image_icon_width=&#8221;35%&#8221; content_max_width=&#8221;1100px&#8221; image_icon_width_tablet=&#8221;35%&#8221; image_icon_width_phone=&#8221;35%&#8221; image_icon_width_last_edited=&#8221;on|desktop&#8221; _builder_version=&#8221;4.16&#8243; header_level=&#8221;h3&#8243; header_font=&#8221;Roboto|700|||||||&#8221; header_line_height=&#8221;1.7em&#8221; body_font_size=&#8221;16px&#8221; background_color=&#8221;#ffffff&#8221; text_orientation=&#8221;center&#8221; module_alignment=&#8221;left&#8221; custom_margin=&#8221;||0px|&#8221; custom_padding=&#8221;30px|10px|40px|10px&#8221; custom_padding_last_edited=&#8221;off|desktop&#8221; animation=&#8221;off&#8221; header_font_size_tablet=&#8221;&#8221; header_font_size_phone=&#8221;26&#8243; header_font_size_last_edited=&#8221;on|phone&#8221; body_font_size_tablet=&#8221;&#8221; body_font_size_phone=&#8221;14px&#8221; body_font_size_last_edited=&#8221;on|phone&#8221; border_radii=&#8221;|10px|10px|10px|10px&#8221; border_width_all=&#8221;3px&#8221; border_color_all=&#8221;#2ea3f2&#8243; box_shadow_style=&#8221;preset1&#8243; box_shadow_blur=&#8221;70px&#8221; box_shadow_color=&#8221;rgba(110,130,208,0.18)&#8221; image_max_width=&#8221;35%&#8221; icon_font_size=&#8221;30px&#8221; icon_font_size_tablet=&#8221;&#8221; icon_font_size_phone=&#8221;32px&#8221; icon_font_size_last_edited=&#8221;on|desktop&#8221; global_colors_info=&#8221;{}&#8221;]<\/p>\n<p>Pr\u00edklad s\u00fahrnu v\u00fdsledku \u2013 n\u00edzke riziko<\/p>\n<p>[\/et_pb_blurb][et_pb_button button_url=&#8221;\/wp-content\/uploads\/2019\/06\/SAMPLE_MP_LowRisk_BP_Luminal.pdf&#8221; url_new_window=&#8221;on&#8221; button_text=&#8221;PDF na stiahnutie&#8221; button_alignment=&#8221;center&#8221; _builder_version=&#8221;4.16&#8243; custom_button=&#8221;on&#8221; button_bg_color=&#8221;#2ea3f2&#8243; button_border_width=&#8221;0&#8243; button_border_radius=&#8221;5&#8243; background_layout=&#8221;dark&#8221; custom_margin=&#8221;-25px|||&#8221; z_index_tablet=&#8221;500&#8243; global_colors_info=&#8221;{}&#8221;][\/et_pb_button][\/et_pb_column][\/et_pb_row][\/et_pb_section][et_pb_section fb_built=&#8221;1&#8243; inner_shadow=&#8221;on&#8221; _builder_version=&#8221;4.16&#8243; use_background_color_gradient=&#8221;on&#8221; background_color_gradient_direction=&#8221;70deg&#8221; background_color_gradient_stops=&#8221;#f05da3 0%|#db835d 100%&#8221; background_color_gradient_start=&#8221;#f05da3&#8243; background_color_gradient_end=&#8221;#db835d&#8221; custom_padding=&#8221;0|0px|0|0px|false|false&#8221; global_colors_info=&#8221;{}&#8221;][et_pb_row column_structure=&#8221;1_3,2_3&#8243; _builder_version=&#8221;4.16&#8243; background_size=&#8221;initial&#8221; background_position=&#8221;top_left&#8221; background_repeat=&#8221;repeat&#8221; custom_padding=&#8221;0|0px|0|0px|false|false&#8221; global_colors_info=&#8221;{}&#8221;][et_pb_column type=&#8221;1_3&#8243; _builder_version=&#8221;4.16&#8243; custom_padding=&#8221;|||&#8221; global_colors_info=&#8221;{}&#8221; custom_padding__hover=&#8221;|||&#8221;][et_pb_image src=&#8221;https:\/\/www.mammaprint.cz\/wp-content\/uploads\/2019\/03\/postup-testovani.jpg&#8221; align_tablet=&#8221;center&#8221; align_phone=&#8221;center&#8221; align_last_edited=&#8221;on|desktop&#8221; _builder_version=&#8221;4.16&#8243; global_colors_info=&#8221;{}&#8221;]<\/p>\n<p>\n&nbsp;<\/p>\n<p>[\/et_pb_image][\/et_pb_column][et_pb_column type=&#8221;2_3&#8243; _builder_version=&#8221;4.16&#8243; custom_padding=&#8221;|||&#8221; global_colors_info=&#8221;{}&#8221; custom_padding__hover=&#8221;|||&#8221;][et_pb_text _builder_version=&#8221;4.16&#8243; width=&#8221;80%&#8221; max_width=&#8221;1080px&#8221; global_colors_info=&#8221;{}&#8221;]<\/p>\n<p>\n<\/br><\/p>\n<p><span style=\"font-size: large; color: #ffffff;\"><strong>Komu je Mammaprint ur\u010den\u00fd?<\/strong><\/span><\/p>\n<p>[\/et_pb_text][et_pb_text _builder_version=&#8221;4.16&#8243; text_text_color=&#8221;#ffffff&#8221; custom_margin=&#8221;20px||&#8221; global_colors_info=&#8221;{}&#8221;]<\/p>\n<p>Obidva testy, MammaPrint a BluePrint s\u00fa navrhnut\u00e9 pre \u017eeny v\u0161etk\u00fdch vekov\u00fdch kateg\u00f3ri\u00ed, ktor\u00e9:<\/p>\n<ul>\n<li>Maj\u00fa novo diagnostikovan\u00fd invaz\u00edvny karcin\u00f3m prsn\u00edka v po\u010diato\u010dnom \u0161t\u00e1diu (\u0161t\u00e1dium I alebo II)<\/li>\n<li>Maj\u00fa n\u00e1dor  men\u0161\u00ed ne\u017e 5 cm<\/li>\n<li>Maj\u00fa  negat\u00edvne lymfatick\u00e9 uzliny alebo 1 \u2013 3 pozit\u00edvne lymfatick\u00e9 uzliny<\/li>\n<\/ul>\n<p>[\/et_pb_text][\/et_pb_column][\/et_pb_row][\/et_pb_section]<\/p>\n","protected":false},"excerpt":{"rendered":"<p>Ver\u00edme, \u017ee onkologick\u00ed pacienti maj\u00fa pr\u00e1vo na najlep\u0161ie genomov\u00e9 testovanie vo svojej triede. Pr\u00edstroj Miseq spolo\u010dnosti Illumina, v ktorom prebiehaj\u00fa testy Mammaprint a Blueprint spolo\u010dnosti Agendie. Inform\u00e1cie pre o\u0161etruj\u00faceho lek\u00e1ra Inform\u00e1cie o pacientovi, pre ktor\u00e9ho potrebujete vy\u0161etrenie testami MAmmaprint a Blueprint po\u0161lite e-mailom na adresu: stanislava.rajcanova@leram-pharma.sk N\u00e1sledne V\u00e1s budeme kontaktova\u0165 a pom\u00f4\u017eeme V\u00e1m s objedn\u00e1vkou [&hellip;]<\/p>\n","protected":false},"author":2,"featured_media":0,"parent":458,"menu_order":0,"comment_status":"closed","ping_status":"closed","template":"","meta":{"_et_pb_use_builder":"on","_et_pb_old_content":"","_et_gb_content_width":"","om_disable_all_campaigns":false,"_monsterinsights_skip_tracking":false,"_monsterinsights_sitenote_active":false,"_monsterinsights_sitenote_note":"","_monsterinsights_sitenote_category":0,"footnotes":""},"class_list":["post-539","page","type-page","status-publish","hentry"],"aioseo_notices":[],"_links":{"self":[{"href":"https:\/\/www.mammaprint.cz\/sk\/wp-json\/wp\/v2\/pages\/539","targetHints":{"allow":["GET"]}}],"collection":[{"href":"https:\/\/www.mammaprint.cz\/sk\/wp-json\/wp\/v2\/pages"}],"about":[{"href":"https:\/\/www.mammaprint.cz\/sk\/wp-json\/wp\/v2\/types\/page"}],"author":[{"embeddable":true,"href":"https:\/\/www.mammaprint.cz\/sk\/wp-json\/wp\/v2\/users\/2"}],"replies":[{"embeddable":true,"href":"https:\/\/www.mammaprint.cz\/sk\/wp-json\/wp\/v2\/comments?post=539"}],"version-history":[{"count":9,"href":"https:\/\/www.mammaprint.cz\/sk\/wp-json\/wp\/v2\/pages\/539\/revisions"}],"predecessor-version":[{"id":2459,"href":"https:\/\/www.mammaprint.cz\/sk\/wp-json\/wp\/v2\/pages\/539\/revisions\/2459"}],"up":[{"embeddable":true,"href":"https:\/\/www.mammaprint.cz\/sk\/wp-json\/wp\/v2\/pages\/458"}],"wp:attachment":[{"href":"https:\/\/www.mammaprint.cz\/sk\/wp-json\/wp\/v2\/media?parent=539"}],"curies":[{"name":"wp","href":"https:\/\/api.w.org\/{rel}","templated":true}]}}